{"id":3323,"date":"2018-02-20T19:44:50","date_gmt":"2018-02-20T18:44:50","guid":{"rendered":"https:\/\/ucclecentre.be\/PROD\/?page_id=3323"},"modified":"2018-12-26T11:28:49","modified_gmt":"2018-12-26T10:28:49","slug":"home-2","status":"publish","type":"page","link":"https:\/\/ucclecentre.be\/PROD\/","title":{"rendered":"Home"},"content":{"rendered":"\t\t<div data-elementor-type=\"wp-post\" data-elementor-id=\"3323\" class=\"elementor elementor-3323 elementor-bc-flex-widget\">\n\t\t\t\t\t\t<div class=\"elementor-inner\">\n\t\t\t\t<div class=\"elementor-section-wrap\">\n\t\t\t\t\t\t\t\t\t<section class=\"elementor-section elementor-top-section elementor-element elementor-element-2woam06 elementor-section-height-min-height elementor-section-full_width elementor-section-content-middle elementor-section-height-default elementor-section-items-middle\" data-id=\"2woam06\" data-element_type=\"section\" data-settings=\"{&quot;background_background&quot;:&quot;classic&quot;}\">\n\t\t\t\t\t\t\t<div class=\"elementor-background-overlay\"><\/div>\n\t\t\t\t\t\t\t<div class=\"elementor-container elementor-column-gap-no\">\n\t\t\t\t\t\t\t<div class=\"elementor-row\">\n\t\t\t\t\t<div class=\"elementor-column elementor-col-100 elementor-top-column elementor-element elementor-element-yrc2o3p\" data-id=\"yrc2o3p\" data-element_type=\"column\">\n\t\t\t<div class=\"elementor-column-wrap elementor-element-populated\">\n\t\t\t\t\t\t\t<div class=\"elementor-widget-wrap\">\n\t\t\t\t\t\t<div class=\"elementor-element elementor-element-muxud3u elementor-widget elementor-widget-case27-featured-section-widget\" data-id=\"muxud3u\" data-element_type=\"widget\" data-widget_type=\"case27-featured-section-widget.default\">\n\t\t\t\t<div class=\"elementor-widget-container\">\n\t\t\t\r\n<div class=\"featured-section c27-featured-section\">\r\n    <div class=\"featured-caption\">\r\n        <div class=\"container-fluid\">\r\n            <div class=\"row\">\r\n                <div class=\"col-md-12 fc-description\">\r\n                    <p style=\"text-align: center;\"><strong>D\u00e9couvrez les boutiques, bars, restaurants et activit\u00e9s \u00e0 Uccle-Centre<\/strong><\/p><p>\r\n<div class=\"mylisting-basic-form text-center\" :class=\"tabMode==='dark'?'featured-light':tabMode\"\r\n\tdata-listing-types=\"{&quot;place&quot;:{&quot;id&quot;:10,&quot;name&quot;:&quot;Les commerces&quot;,&quot;icon&quot;:&quot;\\t\\t\\t&lt;i class=\\&quot;icon-location-pin-add-2\\&quot;&gt;&lt;\\\/i&gt;\\r\\n\\t\\t&quot;,&quot;slug&quot;:&quot;place&quot;,&quot;filters&quot;:{&quot;search_keywords&quot;:&quot;&quot;,&quot;category&quot;:&quot;&quot;}},&quot;event&quot;:{&quot;id&quot;:11,&quot;name&quot;:&quot;Les \\u00e9v\\u00e8nements&quot;,&quot;icon&quot;:&quot;\\t\\t\\t&lt;i class=\\&quot;fa fa-calendar-check-o\\&quot;&gt;&lt;\\\/i&gt;\\r\\n\\t\\t&quot;,&quot;slug&quot;:&quot;event&quot;,&quot;filters&quot;:{&quot;search_keywords&quot;:&quot;&quot;,&quot;date&quot;:&quot;&quot;}}}\"\r\n\tdata-config=\"{&quot;form_id&quot;:&quot;sform-W9o9n&quot;,&quot;tabs_mode&quot;:&quot;transparent&quot;,&quot;types_display&quot;:&quot;tabs&quot;,&quot;box_shadow&quot;:true,&quot;target_url&quot;:&quot;https:\\\/\\\/ucclecentre.be\\\/PROD\\\/explore\\\/&quot;}\"\r\n\tv-cloak>\r\n\t<div class=\"featured-search wide\">\r\n\t\t<div class=\"fs-tabs\">\r\n\t\t\t\t\t\t\t<ul class=\"nav nav-tabs cts-carousel\" role=\"tablist\">\r\n\t\t\t\t\t<li v-for=\"listingType, key in types\" role=\"presentation\" :class=\"activeType.id===listingType.id?'active':''\">\r\n\t\t\t\t\t\t<a role=\"tab\" @click=\"activeType=listingType\">\r\n\t\t\t\t\t\t\t<div class=\"lt-icon\" v-html=\"listingType.icon\"><\/div>\r\n\t\t\t\t\t\t\t{{ listingType.name }}\r\n\t\t\t\t\t\t<\/a>\r\n\t\t\t\t\t<\/li>\r\n\t\t\t\t\t<li role=\"presentation\" class=\"cts-prev\">prev<\/li>\r\n\t\t\t\t\t<li role=\"presentation\" class=\"cts-next\">next<\/li>\r\n\t\t\t\t<\/ul>\r\n\t\t\t\r\n\t\t\t<div class=\"tab-content\" :class=\"boxShadow?'add-box-shadow':''\">\r\n\t\t\t\t\t\t\t\t\t<div role=\"tabpanel\" class=\"tab-pane fade in filter-count-3\"\r\n\t\t\t\t\t\t:class=\"activeType.id===10?'active':''\">\r\n\r\n\t\t\t\t\t\t<form method=\"GET\">\r\n\t\t\t\t\t\t\t\r\n\t\t\t\t\t\t\t\t\t\t\t\t\t\t\t\r\n<wp-search-filter\r\n    listing-type=\"place\"\r\n    filter-key=\"search_keywords\"\r\n    location=\"basic-form\"\r\n    label=\"Que recherchez-vous ?\"\r\n    @input=\"filterChanged\"\r\n    inline-template\r\n>\r\n    <div v-if=\"location === 'primary-filter'\" class=\"explore-head-search\">\r\n        <i class=\"mi search\"><\/i>\r\n        <input required ref=\"input\" type=\"text\" :placeholder=\"label\"\r\n            :value=\"filters[filterKey]\" @input=\"updateInput\">\r\n    <\/div>\r\n    <div v-else class=\"form-group explore-filter wp-search-filter md-group\">\r\n        <input :aria-label=\"label\" required ref=\"input\" type=\"text\"\r\n            :value=\"filters[filterKey]\" @input=\"updateInput\">\r\n        <label>{{label}}<\/label>\r\n    <\/div>\r\n<\/wp-search-filter>\r\n\t\t\t\t\t\t\t\t\t\t\t\t\t\t\t\r\n<dropdown-hierarchy-filter\r\n    listing-type=\"place\"\r\n    filter-key=\"category\"\r\n    location=\"basic-form\"\r\n    label=\"Toutes les cat\u00e9gories\"\r\n    pre-selected=\"[]\"\r\n    ajax-params=\"{&quot;taxonomy&quot;:&quot;job_listing_category&quot;,&quot;listing-type-id&quot;:10,&quot;orderby&quot;:&quot;name&quot;,&quot;order&quot;:&quot;ASC&quot;,&quot;hide_empty&quot;:&quot;&quot;,&quot;term-value&quot;:&quot;slug&quot;,&quot;parent&quot;:0}\"\r\n    @input=\"filterChanged\"\r\n    inline-template\r\n>\r\n    <div class=\"cts-term-hierarchy form-group md-group\">\r\n        <input type=\"text\" required ref=\"input\" data-placeholder=\" \"\r\n            class=\"hide\"\r\n            :data-template=\"location==='advanced-form'?'default':'alternate'\"\r\n            :data-selected=\"preSelected\"\r\n            :data-mylisting-ajax-params=\"ajaxParams\"\r\n            @termhierarchy:change=\"handleChange\"\r\n        >\r\n        <label>{{label}}<\/label>\r\n    <\/div>\r\n<\/dropdown-hierarchy-filter>\t\t\t\t\t\t\t\r\n\t\t\t\t\t\t\t<div class=\"form-group\">\r\n\t\t\t\t\t\t\t\t<button class=\"buttons button-2 search\" @click.prevent=\"submit\">\r\n\t\t\t\t\t\t\t\t\t<i class=\"mi search\"><\/i>\r\n\t\t\t\t\t\t\t\t\tRechercher\t\t\t\t\t\t\t\t<\/button>\r\n\t\t\t\t\t\t\t<\/div>\r\n\t\t\t\t\t\t<\/form>\r\n\t\t\t\t\t<\/div>\r\n\t\t\t\t\t\t\t\t\t<div role=\"tabpanel\" class=\"tab-pane fade in filter-count-3\"\r\n\t\t\t\t\t\t:class=\"activeType.id===11?'active':''\">\r\n\r\n\t\t\t\t\t\t<form method=\"GET\">\r\n\t\t\t\t\t\t\t\r\n\t\t\t\t\t\t\t\t\t\t\t\t\t\t\t\r\n<wp-search-filter\r\n    listing-type=\"event\"\r\n    filter-key=\"search_keywords\"\r\n    location=\"basic-form\"\r\n    label=\"Que recherchez-vous ?\"\r\n    @input=\"filterChanged\"\r\n    inline-template\r\n>\r\n    <div v-if=\"location === 'primary-filter'\" class=\"explore-head-search\">\r\n        <i class=\"mi search\"><\/i>\r\n        <input required ref=\"input\" type=\"text\" :placeholder=\"label\"\r\n            :value=\"filters[filterKey]\" @input=\"updateInput\">\r\n    <\/div>\r\n    <div v-else class=\"form-group explore-filter wp-search-filter md-group\">\r\n        <input :aria-label=\"label\" required ref=\"input\" type=\"text\"\r\n            :value=\"filters[filterKey]\" @input=\"updateInput\">\r\n        <label>{{label}}<\/label>\r\n    <\/div>\r\n<\/wp-search-filter>\r\n\t\t\t\t\t\t\t\t\t\t\t\t\t\t\t\r\n<date-filter\r\n    listing-type=\"event\"\r\n    filter-key=\"date\"\r\n    location=\"basic-form\"\r\n    label=\"Date de l&#039;\u00e9v\u00e8nement\"\r\n    type=\"range\"\r\n    :l10n=\"{&quot;from&quot;:&quot;A partir de...&quot;,&quot;to&quot;:&quot;Jusqu&#039;\\u00e0...&quot;,&quot;pick&quot;:&quot;Pick a date...&quot;}\"\r\n    @input=\"filterChanged\"\r\n    inline-template\r\n>\r\n\t<div class=\"form-group explore-filter datepicker-form-group date-filter\"\r\n\t\t:class=\"type === 'range' ? 'double-input' : ''\">\r\n\t\t<label>{{label}}<\/label>\r\n\t\t<div class=\"datepicker-wrapper\" :class=\"startDate ? 'active' : ''\">\r\n\t\t\t<input type=\"text\" ref=\"startpicker\" :value=\"startDate\"\r\n\t\t\t\t:placeholder=\"type === 'range' ? l10n.from : l10n.pick\"\r\n\t\t\t\t@datepicker:change=\"startDate=$event.detail.value; updateInput();\">\r\n\t\t<\/div>\r\n\t\t<div class=\"datepicker-wrapper\" :class=\"endDate ? 'active' : ''\" v-if=\"type === 'range'\">\r\n\t\t\t<input type=\"text\" ref=\"endpicker\" :placeholder=\"l10n.to\" :value=\"endDate\"\r\n\t\t\t\t@datepicker:change=\"endDate=$event.detail.value; updateInput();\">\r\n\t\t<\/div>\r\n\t<\/div>\r\n<\/date-filter>\r\n\t\t\t\t\t\t\t\r\n\t\t\t\t\t\t\t<div class=\"form-group\">\r\n\t\t\t\t\t\t\t\t<button class=\"buttons button-2 search\" @click.prevent=\"submit\">\r\n\t\t\t\t\t\t\t\t\t<i class=\"mi search\"><\/i>\r\n\t\t\t\t\t\t\t\t\tRechercher\t\t\t\t\t\t\t\t<\/button>\r\n\t\t\t\t\t\t\t<\/div>\r\n\t\t\t\t\t\t<\/form>\r\n\t\t\t\t\t<\/div>\r\n\t\t\t\t\t\t\t<\/div>\r\n\t\t<\/div>\r\n\t<\/div>\r\n<\/div>\r\n<\/p><p>\r\n <div class=\"text-center\">\r\n    <div class=\"featured-categories transparent\" style=\"display: inline-block;\">\r\n        <ul>\r\n            \r\n                <li class=\"text-center\">\r\n                    <a href=\"https:\/\/ucclecentre.be\/PROD\/category\/commerces\/\">\r\n                        <div class=\"slc-icon\">\r\n\t\t\t\t\t\t\t\t\t\t\t<div class=\"term-icon image-icon\" style=\"\">\r\n\t\t\t\t\t<img width=\"16\" height=\"16\" src=\"https:\/\/ucclecentre.be\/PROD\/wp-content\/uploads\/2018\/02\/shopping-bag2-WHITE-e1517842895452.png\" class=\"attachment-full size-full\" alt=\"\" loading=\"lazy\" \/>\t\t\t\t<\/div>\r\n\t\t\t                        <\/div>\r\n                        <div class=\"slc-info\">\r\n                            <p>Les commerces<\/p>\r\n                        <\/div>\r\n                    <\/a>\r\n                <\/li>\r\n\r\n            \r\n                <li class=\"text-center\">\r\n                    <a href=\"https:\/\/ucclecentre.be\/PROD\/category\/nouveau-commercant\/\">\r\n                        <div class=\"slc-icon\">\r\n\t\t\t\t\t\t\t\t\t\t<i class=\"mi new_releases\" style=\"\"><\/i>\r\n\t\t                        <\/div>\r\n                        <div class=\"slc-info\">\r\n                            <p>Nouveau magasin<\/p>\r\n                        <\/div>\r\n                    <\/a>\r\n                <\/li>\r\n\r\n                    <\/ul>\r\n    <\/div>\r\n<\/div><\/p>                <\/div>\r\n            <\/div>\r\n        <\/div>\r\n    <\/div>\r\n<\/div>\r\n\r\n\t\t<\/div>\n\t\t\t\t<\/div>\n\t\t\t\t\t\t<\/div>\n\t\t\t\t\t<\/div>\n\t\t<\/div>\n\t\t\t\t\t\t\t\t<\/div>\n\t\t\t\t\t<\/div>\n\t\t<\/section>\n\t\t\t\t<section class=\"elementor-section elementor-top-section elementor-element elementor-element-jgthffa elementor-section-boxed elementor-section-height-default elementor-section-height-default\" data-id=\"jgthffa\" data-element_type=\"section\" data-settings=\"{&quot;background_background&quot;:&quot;classic&quot;}\">\n\t\t\t\t\t\t<div class=\"elementor-container elementor-column-gap-default\">\n\t\t\t\t\t\t\t<div class=\"elementor-row\">\n\t\t\t\t\t<div class=\"elementor-column elementor-col-100 elementor-top-column elementor-element elementor-element-9o19ub4\" data-id=\"9o19ub4\" data-element_type=\"column\">\n\t\t\t<div class=\"elementor-column-wrap elementor-element-populated\">\n\t\t\t\t\t\t\t<div class=\"elementor-widget-wrap\">\n\t\t\t\t\t\t<div class=\"elementor-element elementor-element-rvdlh02 elementor-widget elementor-widget-case27-section-heading-widget\" data-id=\"rvdlh02\" data-element_type=\"widget\" data-widget_type=\"case27-section-heading-widget.default\">\n\t\t\t\t<div class=\"elementor-widget-container\">\n\t\t\t\r\n<section class=\"i-section \"\r\n\t\t style=\"border: none; \">\r\n\t<div class=\"container-fluid\">\r\n\t\t<div class=\"row section-title\" style=\"margin-bottom: 0px;\">\r\n\t\t\t\t\t\t\t<p>Explore<\/p>\r\n\t\t\t\r\n\t\t\t\t\t\t\t<h2 class=\"case27-primary-text\">Que recherchez-vous ?<\/h2>\r\n\t\t\t\t\t<\/div>\r\n\r\n\t\t\t<\/div>\r\n<\/section>\r\n\t\t<\/div>\n\t\t\t\t<\/div>\n\t\t\t\t<div class=\"elementor-element elementor-element-r539l6s elementor-widget elementor-widget-case27-listing-categories-widget\" data-id=\"r539l6s\" data-element_type=\"widget\" data-widget_type=\"case27-listing-categories-widget.default\">\n\t\t\t\t<div class=\"elementor-widget-container\">\n\t\t\t\r\n\r\n\t<section class=\"i-section\">\r\n\t\t<div class=\"container-fluid\">\r\n\t\t\t<div class=\"row section-body\">\r\n\r\n\t\t\t\t\r\n\t\t\t\t\t<div class=\"col-lg-4 col-md-4 col-sm-6 col-xs-12\">\r\n\t\t\t\t\t\t<div class=\"listing-cat\" >\r\n\t\t\t\t\t\t\t<a href=\"https:\/\/ucclecentre.be\/PROD\/category\/commerces\/\">\r\n\t\t\t\t\t\t\t\t<div class=\"overlay gradient1\"\r\n                         \t\t\t style=\"\"><\/div>\r\n\t\t\t\t\t\t\t\t<div class=\"lc-background\" style=\"background-image: url('https:\/\/ucclecentre.be\/PROD\/wp-content\/uploads\/2018\/02\/shopping-uccle.png');\">\r\n\t\t\t\t\t\t\t\t<\/div>\r\n\t\t\t\t\t\t\t\t<div class=\"lc-info\">\r\n\t\t\t\t\t\t\t\t\t<h4 class=\"case27-secondary-text\">Les commerces<\/h4>\r\n\t\t\t\t\t\t\t\t\t<h6>No listings<\/h6>\r\n\t\t\t\t\t\t\t\t<\/div>\r\n\t\t\t\t\t\t\t\t<div class=\"lc-icon\">\r\n\t\t\t\t\t\t\t\t\t\t\t\t\t<div class=\"term-icon image-icon\" style=\"\">\r\n\t\t\t\t\t<img width=\"16\" height=\"16\" src=\"https:\/\/ucclecentre.be\/PROD\/wp-content\/uploads\/2018\/02\/shopping-bag2-WHITE-e1517842895452.png\" class=\"attachment-full size-full\" alt=\"\" loading=\"lazy\" \/>\t\t\t\t<\/div>\r\n\t\t\t\t\t\t\t\t\t\t\t<\/div>\r\n\t\t\t\t\t\t\t<\/a>\r\n\t\t\t\t\t\t<\/div>\r\n\t\t\t\t\t<\/div>\r\n\r\n\t\t\t\t\r\n\t\t\t\t\t<div class=\"col-lg-4 col-md-4 col-sm-6 col-xs-12\">\r\n\t\t\t\t\t\t<div class=\"listing-cat\" >\r\n\t\t\t\t\t\t\t<a href=\"https:\/\/ucclecentre.be\/PROD\/category\/beaute-hygiene-coiffure\/\">\r\n\t\t\t\t\t\t\t\t<div class=\"overlay gradient1\"\r\n                         \t\t\t style=\"\"><\/div>\r\n\t\t\t\t\t\t\t\t<div class=\"lc-background\" style=\"background-image: url('https:\/\/ucclecentre.be\/PROD\/wp-content\/uploads\/2018\/01\/stock-photo-woman-surprise-holds-cheeks-by-hand-beautiful-girl-with-curly-hair-pointing-to-looking-right-515004724-1024x727.jpg');\">\r\n\t\t\t\t\t\t\t\t<\/div>\r\n\t\t\t\t\t\t\t\t<div class=\"lc-info\">\r\n\t\t\t\t\t\t\t\t\t<h4 class=\"case27-secondary-text\">BEAUT\u00c9 \/ HYGI\u00c8NE \/ COIFFURE<\/h4>\r\n\t\t\t\t\t\t\t\t\t<h6>No listings<\/h6>\r\n\t\t\t\t\t\t\t\t<\/div>\r\n\t\t\t\t\t\t\t\t<div class=\"lc-icon\">\r\n\t\t\t\t\t\t\t\t\t\t\t\t<i class=\"mi bookmark_border\" style=\"\"><\/i>\r\n\t\t\t\t\t\t\t\t\t\t<\/div>\r\n\t\t\t\t\t\t\t<\/a>\r\n\t\t\t\t\t\t<\/div>\r\n\t\t\t\t\t<\/div>\r\n\r\n\t\t\t\t\r\n\t\t\t\t\t<div class=\"col-lg-4 col-md-4 col-sm-6 col-xs-12\">\r\n\t\t\t\t\t\t<div class=\"listing-cat\" >\r\n\t\t\t\t\t\t\t<a href=\"https:\/\/ucclecentre.be\/PROD\/category\/mode\/\">\r\n\t\t\t\t\t\t\t\t<div class=\"overlay gradient1\"\r\n                         \t\t\t style=\"\"><\/div>\r\n\t\t\t\t\t\t\t\t<div class=\"lc-background\" style=\"background-image: url('https:\/\/ucclecentre.be\/PROD\/wp-content\/uploads\/2018\/02\/mode-femme-uccle.png');\">\r\n\t\t\t\t\t\t\t\t<\/div>\r\n\t\t\t\t\t\t\t\t<div class=\"lc-info\">\r\n\t\t\t\t\t\t\t\t\t<h4 class=\"case27-secondary-text\">MODE<\/h4>\r\n\t\t\t\t\t\t\t\t\t<h6>No listings<\/h6>\r\n\t\t\t\t\t\t\t\t<\/div>\r\n\t\t\t\t\t\t\t\t<div class=\"lc-icon\">\r\n\t\t\t\t\t\t\t\t\t\t\t\t<i class=\"mi bookmark_border\" style=\"\"><\/i>\r\n\t\t\t\t\t\t\t\t\t\t<\/div>\r\n\t\t\t\t\t\t\t<\/a>\r\n\t\t\t\t\t\t<\/div>\r\n\t\t\t\t\t<\/div>\r\n\r\n\t\t\t\t\r\n\t\t\t\t\t<div class=\"col-lg-4 col-md-4 col-sm-6 col-xs-12\">\r\n\t\t\t\t\t\t<div class=\"listing-cat\" >\r\n\t\t\t\t\t\t\t<a href=\"https:\/\/ucclecentre.be\/PROD\/category\/maison\/\">\r\n\t\t\t\t\t\t\t\t<div class=\"overlay gradient1\"\r\n                         \t\t\t style=\"\"><\/div>\r\n\t\t\t\t\t\t\t\t<div class=\"lc-background\" style=\"background-image: url('https:\/\/ucclecentre.be\/PROD\/wp-content\/uploads\/2018\/02\/maison.png');\">\r\n\t\t\t\t\t\t\t\t<\/div>\r\n\t\t\t\t\t\t\t\t<div class=\"lc-info\">\r\n\t\t\t\t\t\t\t\t\t<h4 class=\"case27-secondary-text\">MAISON<\/h4>\r\n\t\t\t\t\t\t\t\t\t<h6>No listings<\/h6>\r\n\t\t\t\t\t\t\t\t<\/div>\r\n\t\t\t\t\t\t\t\t<div class=\"lc-icon\">\r\n\t\t\t\t\t\t\t\t\t\t\t\t<i class=\"mi home\" style=\"\"><\/i>\r\n\t\t\t\t\t\t\t\t\t\t<\/div>\r\n\t\t\t\t\t\t\t<\/a>\r\n\t\t\t\t\t\t<\/div>\r\n\t\t\t\t\t<\/div>\r\n\r\n\t\t\t\t\r\n\t\t\t\t\t<div class=\"col-lg-4 col-md-4 col-sm-6 col-xs-12\">\r\n\t\t\t\t\t\t<div class=\"listing-cat\" >\r\n\t\t\t\t\t\t\t<a href=\"https:\/\/ucclecentre.be\/PROD\/category\/culture-loisirs\/\">\r\n\t\t\t\t\t\t\t\t<div class=\"overlay gradient1\"\r\n                         \t\t\t style=\"\"><\/div>\r\n\t\t\t\t\t\t\t\t<div class=\"lc-background\" style=\"background-image: url('https:\/\/ucclecentre.be\/PROD\/wp-content\/uploads\/2018\/02\/culture.png');\">\r\n\t\t\t\t\t\t\t\t<\/div>\r\n\t\t\t\t\t\t\t\t<div class=\"lc-info\">\r\n\t\t\t\t\t\t\t\t\t<h4 class=\"case27-secondary-text\">CULTURE &amp; LOISIRS<\/h4>\r\n\t\t\t\t\t\t\t\t\t<h6>No listings<\/h6>\r\n\t\t\t\t\t\t\t\t<\/div>\r\n\t\t\t\t\t\t\t\t<div class=\"lc-icon\">\r\n\t\t\t\t\t\t\t\t\t\t\t\t<i class=\"mi photo_library\" style=\"\"><\/i>\r\n\t\t\t\t\t\t\t\t\t\t<\/div>\r\n\t\t\t\t\t\t\t<\/a>\r\n\t\t\t\t\t\t<\/div>\r\n\t\t\t\t\t<\/div>\r\n\r\n\t\t\t\t\r\n\t\t\t\t\t<div class=\"col-lg-4 col-md-4 col-sm-6 col-xs-12\">\r\n\t\t\t\t\t\t<div class=\"listing-cat\" >\r\n\t\t\t\t\t\t\t<a href=\"https:\/\/ucclecentre.be\/PROD\/category\/food\/\">\r\n\t\t\t\t\t\t\t\t<div class=\"overlay gradient1\"\r\n                         \t\t\t style=\"\"><\/div>\r\n\t\t\t\t\t\t\t\t<div class=\"lc-background\" style=\"background-image: url('https:\/\/ucclecentre.be\/PROD\/wp-content\/uploads\/2018\/02\/food.png');\">\r\n\t\t\t\t\t\t\t\t<\/div>\r\n\t\t\t\t\t\t\t\t<div class=\"lc-info\">\r\n\t\t\t\t\t\t\t\t\t<h4 class=\"case27-secondary-text\">FOOD<\/h4>\r\n\t\t\t\t\t\t\t\t\t<h6>No listings<\/h6>\r\n\t\t\t\t\t\t\t\t<\/div>\r\n\t\t\t\t\t\t\t\t<div class=\"lc-icon\">\r\n\t\t\t\t\t\t\t\t\t\t\t\t<i class=\"icon-chef-hat\" style=\"\"><\/i>\r\n\t\t\t\t\t\t\t\t\t\t<\/div>\r\n\t\t\t\t\t\t\t<\/a>\r\n\t\t\t\t\t\t<\/div>\r\n\t\t\t\t\t<\/div>\r\n\r\n\t\t\t\t\r\n\t\t\t<\/div>\r\n\t\t<\/div>\r\n\t<\/section>\r\n\r\n\r\n\r\n\r\n\t\t<\/div>\n\t\t\t\t<\/div>\n\t\t\t\t\t\t<\/div>\n\t\t\t\t\t<\/div>\n\t\t<\/div>\n\t\t\t\t\t\t\t\t<\/div>\n\t\t\t\t\t<\/div>\n\t\t<\/section>\n\t\t\t\t<section class=\"elementor-section elementor-top-section elementor-element elementor-element-2bojt6r elementor-section-full_width elementor-section-height-default elementor-section-height-default\" data-id=\"2bojt6r\" data-element_type=\"section\">\n\t\t\t\t\t\t<div class=\"elementor-container elementor-column-gap-no\">\n\t\t\t\t\t\t\t<div class=\"elementor-row\">\n\t\t\t\t\t<div class=\"elementor-column elementor-col-100 elementor-top-column elementor-element elementor-element-t0a7eyn\" data-id=\"t0a7eyn\" data-element_type=\"column\">\n\t\t\t<div class=\"elementor-column-wrap elementor-element-populated\">\n\t\t\t\t\t\t\t<div class=\"elementor-widget-wrap\">\n\t\t\t\t\t\t<div class=\"elementor-element elementor-element-2ibdos9 elementor-widget elementor-widget-case27-section-heading-widget\" data-id=\"2ibdos9\" data-element_type=\"widget\" data-widget_type=\"case27-section-heading-widget.default\">\n\t\t\t\t<div class=\"elementor-widget-container\">\n\t\t\t\r\n<section class=\"i-section \"\r\n\t\t style=\"border: none; \">\r\n\t<div class=\"container-fluid\">\r\n\t\t<div class=\"row section-title\" style=\"margin-bottom: 0px;\">\r\n\t\t\t\t\t\t\t<p>Listings<\/p>\r\n\t\t\t\r\n\t\t\t\t\t\t\t<h2 class=\"case27-primary-text\">Endroits recommand\u00e9s<\/h2>\r\n\t\t\t\t\t<\/div>\r\n\r\n\t\t\t<\/div>\r\n<\/section>\r\n\t\t<\/div>\n\t\t\t\t<\/div>\n\t\t\t\t\t\t<\/div>\n\t\t\t\t\t<\/div>\n\t\t<\/div>\n\t\t\t\t\t\t\t\t<\/div>\n\t\t\t\t\t<\/div>\n\t\t<\/section>\n\t\t\t\t\t\t\t\t\t<\/div>\n\t\t\t<\/div>\n\t\t\t\t\t<\/div>\n\t\t","protected":false},"excerpt":{"rendered":"","protected":false},"author":7,"featured_media":0,"parent":0,"menu_order":0,"comment_status":"closed","ping_status":"closed","template":"","meta":{"_mi_skip_tracking":false},"acf":[],"_links":{"self":[{"href":"https:\/\/ucclecentre.be\/PROD\/wp-json\/wp\/v2\/pages\/3323"}],"collection":[{"href":"https:\/\/ucclecentre.be\/PROD\/wp-json\/wp\/v2\/pages"}],"about":[{"href":"https:\/\/ucclecentre.be\/PROD\/wp-json\/wp\/v2\/types\/page"}],"author":[{"embeddable":true,"href":"https:\/\/ucclecentre.be\/PROD\/wp-json\/wp\/v2\/users\/7"}],"replies":[{"embeddable":true,"href":"https:\/\/ucclecentre.be\/PROD\/wp-json\/wp\/v2\/comments?post=3323"}],"version-history":[{"count":3,"href":"https:\/\/ucclecentre.be\/PROD\/wp-json\/wp\/v2\/pages\/3323\/revisions"}],"predecessor-version":[{"id":4263,"href":"https:\/\/ucclecentre.be\/PROD\/wp-json\/wp\/v2\/pages\/3323\/revisions\/4263"}],"wp:attachment":[{"href":"https:\/\/ucclecentre.be\/PROD\/wp-json\/wp\/v2\/media?parent=3323"}],"curies":[{"name":"wp","href":"https:\/\/api.w.org\/{rel}","templated":true}]}}