{"id":398,"date":"2017-07-21T01:41:14","date_gmt":"2017-07-21T01:41:14","guid":{"rendered":"https:\/\/mylisting.27collective.net\/my-city\/?page_id=398"},"modified":"2018-05-11T21:25:49","modified_gmt":"2018-05-11T20:25:49","slug":"services","status":"publish","type":"page","link":"https:\/\/ucclecentre.be\/PROD\/services\/","title":{"rendered":"Nos missions"},"content":{"rendered":"\t\t<div data-elementor-type=\"wp-post\" data-elementor-id=\"398\" class=\"elementor elementor-398 elementor-bc-flex-widget\">\n\t\t\t\t\t\t<div class=\"elementor-inner\">\n\t\t\t\t<div class=\"elementor-section-wrap\">\n\t\t\t\t\t\t\t\t\t<section class=\"elementor-section elementor-top-section elementor-element elementor-element-lzt6tex elementor-section-boxed elementor-section-height-default elementor-section-height-default\" data-id=\"lzt6tex\" data-element_type=\"section\">\n\t\t\t\t\t\t<div class=\"elementor-container elementor-column-gap-no\">\n\t\t\t\t\t\t\t<div class=\"elementor-row\">\n\t\t\t\t\t<div class=\"elementor-column elementor-col-100 elementor-top-column elementor-element elementor-element-bhssor6\" data-id=\"bhssor6\" data-element_type=\"column\">\n\t\t\t<div class=\"elementor-column-wrap elementor-element-populated\">\n\t\t\t\t\t\t\t<div class=\"elementor-widget-wrap\">\n\t\t\t\t\t\t<div class=\"elementor-element elementor-element-vup7eay elementor-widget elementor-widget-case27-info-cards-widget\" data-id=\"vup7eay\" data-element_type=\"widget\" data-widget_type=\"case27-info-cards-widget.default\">\n\t\t\t\t<div class=\"elementor-widget-container\">\n\t\t\t\r\n<section class=\"i-section services\">\r\n\t<div class=\"container-fluid\">\r\n\t\t<div class=\"row section-body\">\r\n\t\t\t\t\t\t\t<div class=\"col-md-4 col-sm-6\">\r\n\t\t\t\t\t<div class=\"service-item\">\r\n\t\t\t\t\t\t\t\t\t\t\t\t\t<div class=\"service-item-icon\">\r\n\t\t\t\t\t\t\t\t<span class=\"icon-share-megaphone-2\"><\/span>\r\n\t\t\t\t\t\t\t<\/div>\r\n\t\t\t\t\t\t\r\n\t\t\t\t\t\t<div class=\"service-item-info\">\r\n\t\t\t\t\t\t\t\t\t\t\t\t\t\t\t<h2>ANIMER LE CENTRE-VILLE<\/h2>\r\n\t\t\t\t\t\t\t\r\n\t\t\t\t\t\t\t\t\t\t\t\t\t\t\t<p><span style=\"font-weight: 300;\">Afin de contribuer \u00e0 le rendre toujours plus attractif, agr\u00e9able et vivant. UCUC \u00a0est \u00e0 l\u2019initiative de plusieurs animations annuelles dans les rues d\u2019Uccle-Centre, en fonction des grands \u00e9v\u00e8nements et \u00e0 l\u2019occasion des f\u00eates de fin d\u2019ann\u00e9e. Ces animations s\u2019adressent \u00e0 tous, petits et grands pour que chacun y prenne plaisir.<\/span><span style=\"font-weight: 300;\"><br \/><\/span><\/p>\t\t\t\t\t\t\t\t\t\t\t\t\t<\/div>\r\n\t\t\t\t\t<\/div>\r\n\t\t\t\t<\/div>\r\n\t\t\t\t\t\t\t<div class=\"col-md-4 col-sm-6\">\r\n\t\t\t\t\t<div class=\"service-item\">\r\n\t\t\t\t\t\t\t\t\t\t\t\t\t<div class=\"service-item-icon\">\r\n\t\t\t\t\t\t\t\t<span class=\"icon-shopping-basket-check\"><\/span>\r\n\t\t\t\t\t\t\t<\/div>\r\n\t\t\t\t\t\t\r\n\t\t\t\t\t\t<div class=\"service-item-info\">\r\n\t\t\t\t\t\t\t\t\t\t\t\t\t\t\t<h2>DYNAMISER LES COMMERCES<\/h2>\r\n\t\t\t\t\t\t\t\r\n\t\t\t\t\t\t\t\t\t\t\t\t\t\t\t<p><span style=\"font-weight: 300;\">Nous souhaitons \u00e9diter des Ch\u00e8ques cadeau pour Uccle-centre \u00e0 utiliser dans les boutiques adh\u00e9rentes. <\/span><span style=\"font-weight: 300;\">Ces ch\u00e8ques seront disponibles dans des points de vente et sur le site, le ch\u00e8que cadeau d\u2019Uccle-centre permet d\u2019offrir la diversit\u00e9 commerciale aux clients ! C\u2019est aussi une mani\u00e8re de soutenir l\u2019\u00e9conomie locale. Ils seront accessibles \u00a0en ligne.<\/span><\/p>\t\t\t\t\t\t\t\t\t\t\t\t\t<\/div>\r\n\t\t\t\t\t<\/div>\r\n\t\t\t\t<\/div>\r\n\t\t\t\t\t\t\t<div class=\"col-md-4 col-sm-6\">\r\n\t\t\t\t\t<div class=\"service-item\">\r\n\t\t\t\t\t\t\t\t\t\t\t\t\t<div class=\"service-item-icon\">\r\n\t\t\t\t\t\t\t\t<span class=\"icon-location-pin-4\"><\/span>\r\n\t\t\t\t\t\t\t<\/div>\r\n\t\t\t\t\t\t\r\n\t\t\t\t\t\t<div class=\"service-item-info\">\r\n\t\t\t\t\t\t\t\t\t\t\t\t\t\t\t<h2>F\u00c9D\u00c9RER ET REPR\u00c9SENTER LES INT\u00c9R\u00caTS DES COMMER\u00c7ANTS<\/h2>\r\n\t\t\t\t\t\t\t\r\n\t\t\t\t\t\t\t\t\t\t\t\t\t\t\t<p><span style=\"font-weight: 300;\">Unions des Commer\u00e7ants Uccle Centre joue un r\u00f4le tr\u00e8s important d\u2019information et de repr\u00e9sentation de ses adh\u00e9rents aupr\u00e8s des institutions publiques dont il est l\u2019interlocuteur privil\u00e9gi\u00e9. Ainsi, l\u2019association et ses adh\u00e9rents sont associ\u00e9s aux grands projets .\u00a0UCUC, v\u00e9ritable r\u00e9seau, \u00a0permet aux adh\u00e9rents de se rencontrer, \u00e9changer sur des probl\u00e9matiques communes, se compl\u00e9ter et construire ensemble le commerce de demain.<\/span><\/p>\t\t\t\t\t\t\t\t\t\t\t\t\t<\/div>\r\n\t\t\t\t\t<\/div>\r\n\t\t\t\t<\/div>\r\n\t\t\t\t\t<\/div>\r\n\t<\/div>\r\n<\/section>\t\t<\/div>\n\t\t\t\t<\/div>\n\t\t\t\t\t\t<\/div>\n\t\t\t\t\t<\/div>\n\t\t<\/div>\n\t\t\t\t\t\t\t\t<\/div>\n\t\t\t\t\t<\/div>\n\t\t<\/section>\n\t\t\t\t<section class=\"elementor-section elementor-top-section elementor-element elementor-element-88d4b9b elementor-section-boxed elementor-section-height-default elementor-section-height-default\" data-id=\"88d4b9b\" data-element_type=\"section\">\n\t\t\t\t\t\t<div class=\"elementor-container elementor-column-gap-default\">\n\t\t\t\t\t\t\t<div class=\"elementor-row\">\n\t\t\t\t\t<div class=\"elementor-column elementor-col-50 elementor-top-column elementor-element elementor-element-f438b5e\" data-id=\"f438b5e\" data-element_type=\"column\">\n\t\t\t<div class=\"elementor-column-wrap elementor-element-populated\">\n\t\t\t\t\t\t\t<div class=\"elementor-widget-wrap\">\n\t\t\t\t\t\t<section class=\"elementor-section elementor-inner-section elementor-element elementor-element-f0378d3 elementor-section-boxed elementor-section-height-default elementor-section-height-default\" data-id=\"f0378d3\" data-element_type=\"section\">\n\t\t\t\t\t\t<div class=\"elementor-container elementor-column-gap-default\">\n\t\t\t\t\t\t\t<div class=\"elementor-row\">\n\t\t\t\t\t<div class=\"elementor-column elementor-col-100 elementor-inner-column elementor-element elementor-element-dc7cfde\" data-id=\"dc7cfde\" data-element_type=\"column\">\n\t\t\t<div class=\"elementor-column-wrap elementor-element-populated\">\n\t\t\t\t\t\t\t<div class=\"elementor-widget-wrap\">\n\t\t\t\t\t\t<div class=\"elementor-element elementor-element-738927d elementor-widget elementor-widget-text-editor\" data-id=\"738927d\" data-element_type=\"widget\" data-widget_type=\"text-editor.default\">\n\t\t\t\t<div class=\"elementor-widget-container\">\n\t\t\t\t\t\t\t\t<div class=\"elementor-text-editor elementor-clearfix\">\n\t\t\t\t<h2 class=\"elementor-heading-title elementor-size-default elementor-inline-editing pen\" contenteditable=\"true\" data-elementor-setting-key=\"title\" data-pen-placeholder=\"\u00c9crivez ici...\">Devenir adh\u00e9rent de notre association \u200b<\/h2><h3>Vous souhaitez des informations sur la proc\u00e9dure pour devenir adh\u00e9rent ?<\/h3><p>T\u00e9l\u00e9charger notre dossier d\u2019adh\u00e9sion ci-dessous.<br \/>Souhaitez-vous \u00eatre contact\u00e9 directement par le comit\u00e9 des commer\u00e7ants d&rsquo;Uccle Centre ? utiliser le formulaire.<\/p>\t\t\t\t\t<\/div>\n\t\t\t\t\t\t<\/div>\n\t\t\t\t<\/div>\n\t\t\t\t<div class=\"elementor-element elementor-element-5a91b82 elementor-button-success elementor-align-left elementor-widget elementor-widget-button\" data-id=\"5a91b82\" data-element_type=\"widget\" data-widget_type=\"button.default\">\n\t\t\t\t<div class=\"elementor-widget-container\">\n\t\t\t\t\t<div class=\"elementor-button-wrapper\">\n\t\t\t<a href=\"https:\/\/ucclecentre.be\/PROD\/wp-content\/uploads\/2018\/02\/courier-adhesion-2018.pdf\" class=\"elementor-button-link elementor-button elementor-size-sm\" role=\"button\">\n\t\t\t\t\t\t<span class=\"elementor-button-content-wrapper\">\n\t\t\t\t\t\t\t<span class=\"elementor-button-icon elementor-align-icon-left\">\n\t\t\t\t\t\t\t\t\t<i class=\"fa fa-file-pdf-o\" aria-hidden=\"true\"><\/i>\n\t\t\t\t\t\t\t<\/span>\n\t\t\t\t\t\t<span class=\"elementor-button-text\">T\u00e9l\u00e9charger notre dossier d'adh\u00e9sion<\/span>\n\t\t<\/span>\n\t\t\t\t\t<\/a>\n\t\t<\/div>\n\t\t\t\t<\/div>\n\t\t\t\t<\/div>\n\t\t\t\t\t\t<\/div>\n\t\t\t\t\t<\/div>\n\t\t<\/div>\n\t\t\t\t\t\t\t\t<\/div>\n\t\t\t\t\t<\/div>\n\t\t<\/section>\n\t\t\t\t<div class=\"elementor-element elementor-element-fb73088 elementor-widget elementor-widget-text-editor\" data-id=\"fb73088\" data-element_type=\"widget\" data-widget_type=\"text-editor.default\">\n\t\t\t\t<div class=\"elementor-widget-container\">\n\t\t\t\t\t\t\t\t<div class=\"elementor-text-editor elementor-clearfix\">\n\t\t\t\t<p><strong><span style=\"color: #ff0000;\">Vous souhaitez devenir membre car vous \u00eates conscient de l\u2019importance de faire partir de l\u2019association afin de d\u00e9fendre vos droits en tant que commer\u00e7ants et valoriser votre quartier.<\/span><\/strong><br \/> <br \/>Le paiement de la cotisation de 150\u20ac valable une ann\u00e9e se fait par virement sur le compte <span style=\"text-decoration: underline;\"><strong>BE82 7360 3250 5168<\/strong><\/span>\u00a0 (BIC: KREDBEBB) de l\u2019Union des Commer\u00e7ants d\u2019Uccle Centre <strong><span style=\"text-decoration: underline;\">avec comme communication \u00abCotisation annuelle + Nom de votre enseigne\u00bb.<\/span><\/strong><\/p><p><span style=\"text-decoration: underline;\">!!! Le nom de l\u2019enseigne est tr\u00e8s important !!!<\/span> sinon\u00a0nous sommes incapable de retrouver votre cotisation.<br \/>Sans ses pr\u00e9cieuses informations il nous sera difficile de pouvoir tenir un listing des paiements \u00e0 jour et g\u00e9n\u00e9rer les re\u00e7us n\u00e9cessaires pour votre comptabilit\u00e9.<\/p><p>D\u00e8s r\u00e9ception de votre paiement nous prendrons contact avec vous pour obtenir toutes les informations n\u00e9cessaires pour le r\u00e9f\u00e9rencement <br \/>sur la plateforme.<\/p><p>Nous restons, bien entendu, \u00e0 votre enti\u00e8re disposition pour tout autre renseignement compl\u00e9mentaire que vous souhaiteriez obtenir de notre part.<\/p>\t\t\t\t\t<\/div>\n\t\t\t\t\t\t<\/div>\n\t\t\t\t<\/div>\n\t\t\t\t\t\t<\/div>\n\t\t\t\t\t<\/div>\n\t\t<\/div>\n\t\t\t\t<div class=\"elementor-column elementor-col-50 elementor-top-column elementor-element elementor-element-1f0693f\" data-id=\"1f0693f\" data-element_type=\"column\">\n\t\t\t<div class=\"elementor-column-wrap elementor-element-populated\">\n\t\t\t\t\t\t\t<div class=\"elementor-widget-wrap\">\n\t\t\t\t\t\t<div class=\"elementor-element elementor-element-e31c797 elementor-widget elementor-widget-text-editor\" data-id=\"e31c797\" data-element_type=\"widget\" data-widget_type=\"text-editor.default\">\n\t\t\t\t<div class=\"elementor-widget-container\">\n\t\t\t\t\t\t\t\t<div class=\"elementor-text-editor elementor-clearfix\">\n\t\t\t\t<div role=\"form\" class=\"wpcf7\" id=\"wpcf7-f3405-o1\" lang=\"fr-FR\" dir=\"ltr\">\n<div class=\"screen-reader-response\"><p role=\"status\" aria-live=\"polite\" aria-atomic=\"true\"><\/p> <ul><\/ul><\/div>\n<form action=\"\/PROD\/wp-json\/wp\/v2\/pages\/398#wpcf7-f3405-o1\" method=\"post\" class=\"wpcf7-form init\" novalidate=\"novalidate\" data-status=\"init\">\n<div style=\"display: none;\">\n<input type=\"hidden\" name=\"_wpcf7\" value=\"3405\" \/>\n<input type=\"hidden\" name=\"_wpcf7_version\" value=\"5.5.3\" \/>\n<input type=\"hidden\" name=\"_wpcf7_locale\" value=\"fr_FR\" \/>\n<input type=\"hidden\" name=\"_wpcf7_unit_tag\" value=\"wpcf7-f3405-o1\" \/>\n<input type=\"hidden\" name=\"_wpcf7_container_post\" value=\"0\" \/>\n<input type=\"hidden\" name=\"_wpcf7_posted_data_hash\" value=\"\" \/>\n<input type=\"hidden\" name=\"_case27_recipients\" value=\"%case27_recipients%\" \/>\n<input type=\"hidden\" name=\"_case27_post_id\" value=\"398\" \/>\n<input type=\"hidden\" name=\"_wpcf7_recaptcha_response\" value=\"\" \/>\n<\/div>\n<h3>Vous souhaitez \u00eatre contact\u00e9 directement par le comit\u00e9 des commer\u00e7ants: <\/h3>\n<p><span class=\"wpcf7-form-control-wrap Nom\"><input type=\"text\" name=\"Nom\" value=\"\" size=\"40\" class=\"wpcf7-form-control wpcf7-text wpcf7-validates-as-required\" aria-required=\"true\" aria-invalid=\"false\" placeholder=\"Indiquez votre nom (obligatoire)\" \/><\/span><br \/>\n<span class=\"wpcf7-form-control-wrap prenom\"><input type=\"text\" name=\"prenom\" value=\"\" size=\"40\" class=\"wpcf7-form-control wpcf7-text wpcf7-validates-as-required\" aria-required=\"true\" aria-invalid=\"false\" placeholder=\"Indiquez votre pr\u00e9nom (obligatoire)\" \/><\/span><br \/>\n<span class=\"wpcf7-form-control-wrap email\"><input type=\"email\" name=\"email\" value=\"\" size=\"40\" class=\"wpcf7-form-control wpcf7-text wpcf7-email wpcf7-validates-as-required wpcf7-validates-as-email\" aria-required=\"true\" aria-invalid=\"false\" placeholder=\"Indiquez votre email (obligatoire)\" \/><\/span><br \/>\n<span class=\"wpcf7-form-control-wrap enseigne\"><input type=\"text\" name=\"enseigne\" value=\"\" size=\"40\" class=\"wpcf7-form-control wpcf7-text wpcf7-validates-as-required\" aria-required=\"true\" aria-invalid=\"false\" placeholder=\"Indiquez le nom de votre enseigne (obligatoire)\" \/><\/span><br \/>\n<span class=\"wpcf7-form-control-wrap telephone\"><input type=\"tel\" name=\"telephone\" value=\"\" size=\"40\" class=\"wpcf7-form-control wpcf7-text wpcf7-tel wpcf7-validates-as-required wpcf7-validates-as-tel\" aria-required=\"true\" aria-invalid=\"false\" placeholder=\"Indiquez votre num\u00e9ro de t\u00e9l\u00e9phone (obligatoire)\" \/><\/span><br \/>\n<span class=\"wpcf7-form-control-wrap heure\"><input type=\"text\" name=\"heure\" value=\"\" size=\"40\" class=\"wpcf7-form-control wpcf7-text wpcf7-validates-as-required\" aria-required=\"true\" aria-invalid=\"false\" placeholder=\"Heure de pr\u00e9f\u00e9rence pour vous contacter (obligatoire)\" \/><\/span><\/p>\n\n<p><input type=\"submit\" value=\"Envoyer\" class=\"wpcf7-form-control has-spinner wpcf7-submit\" \/><\/p>\n<p style=\"display: none !important;\"><label>&#916;<textarea name=\"_wpcf7_ak_hp_textarea\" cols=\"45\" rows=\"8\" maxlength=\"100\"><\/textarea><\/label><input type=\"hidden\" id=\"ak_js_1\" name=\"_wpcf7_ak_js\" value=\"184\"\/><script>document.getElementById( \"ak_js_1\" ).setAttribute( \"value\", ( new Date() ).getTime() );<\/script><\/p><div class=\"wpcf7-response-output\" aria-hidden=\"true\"><\/div><\/form><\/div>\t\t\t\t\t<\/div>\n\t\t\t\t\t\t<\/div>\n\t\t\t\t<\/div>\n\t\t\t\t\t\t<\/div>\n\t\t\t\t\t<\/div>\n\t\t<\/div>\n\t\t\t\t\t\t\t\t<\/div>\n\t\t\t\t\t<\/div>\n\t\t<\/section>\n\t\t\t\t<section class=\"elementor-section elementor-top-section elementor-element elementor-element-86f7503 elementor-section-boxed elementor-section-height-default elementor-section-height-default\" data-id=\"86f7503\" data-element_type=\"section\">\n\t\t\t\t\t\t<div class=\"elementor-container elementor-column-gap-default\">\n\t\t\t\t\t\t\t<div class=\"elementor-row\">\n\t\t\t\t\t<div class=\"elementor-column elementor-col-100 elementor-top-column elementor-element elementor-element-b3f5660\" data-id=\"b3f5660\" data-element_type=\"column\">\n\t\t\t<div class=\"elementor-column-wrap elementor-element-populated\">\n\t\t\t\t\t\t\t<div class=\"elementor-widget-wrap\">\n\t\t\t\t\t\t<div class=\"elementor-element elementor-element-a228bcf elementor-widget elementor-widget-heading\" data-id=\"a228bcf\" data-element_type=\"widget\" data-widget_type=\"heading.default\">\n\t\t\t\t<div class=\"elementor-widget-container\">\n\t\t\t<h1 class=\"elementor-heading-title elementor-size-default\"><h1>Quelle est votre id\u00e9e <br\/>pour votre quartier commer\u00e7ant d'Uccle Centre?<\/h1>\nVous \u00eates commer\u00e7ants ou riverains et vous souhaitez soumettre une id\u00e9e \u00e0 notre quartier d'Uccle Centre<\/h1>\t\t<\/div>\n\t\t\t\t<\/div>\n\t\t\t\t\t\t<\/div>\n\t\t\t\t\t<\/div>\n\t\t<\/div>\n\t\t\t\t\t\t\t\t<\/div>\n\t\t\t\t\t<\/div>\n\t\t<\/section>\n\t\t\t\t<section class=\"elementor-section elementor-top-section elementor-element elementor-element-2265067 elementor-section-boxed elementor-section-height-default elementor-section-height-default\" data-id=\"2265067\" data-element_type=\"section\">\n\t\t\t\t\t\t<div class=\"elementor-container elementor-column-gap-default\">\n\t\t\t\t\t\t\t<div class=\"elementor-row\">\n\t\t\t\t\t<div class=\"elementor-column elementor-col-50 elementor-top-column elementor-element elementor-element-453c081\" data-id=\"453c081\" data-element_type=\"column\">\n\t\t\t<div class=\"elementor-column-wrap elementor-element-populated\">\n\t\t\t\t\t\t\t<div class=\"elementor-widget-wrap\">\n\t\t\t\t\t\t<div class=\"elementor-element elementor-element-5f5dab0 elementor-widget elementor-widget-text-editor\" data-id=\"5f5dab0\" data-element_type=\"widget\" data-widget_type=\"text-editor.default\">\n\t\t\t\t<div class=\"elementor-widget-container\">\n\t\t\t\t\t\t\t\t<div class=\"elementor-text-editor elementor-clearfix\">\n\t\t\t\t<p><span style=\"color: #ff447c;\">Vous savez mieux que quiconque ce que vous voulez de votre quartier commer\u00e7ant.<\/span><\/p><p><span style=\"color: #ff447c;\">Alors, dites-le-nous. Quelle est votre id\u00e9e ? Qu\u2019elle soit simple ou innovante, nous voulons la conna\u00eetre.<\/span><\/p><p><span style=\"color: #ff447c;\">Faites-nous part de vos id\u00e9es. Nous sommes pr\u00eats \u00e0 mettre vos id\u00e9es en pratique. Commen\u00e7ons.<\/span><\/p><p><span style=\"color: #ff447c;\">Utilisez le formulaire\u00a0<\/span><\/p>\t\t\t\t\t<\/div>\n\t\t\t\t\t\t<\/div>\n\t\t\t\t<\/div>\n\t\t\t\t\t\t<\/div>\n\t\t\t\t\t<\/div>\n\t\t<\/div>\n\t\t\t\t<div class=\"elementor-column elementor-col-50 elementor-top-column elementor-element elementor-element-f5a186d\" data-id=\"f5a186d\" data-element_type=\"column\">\n\t\t\t<div class=\"elementor-column-wrap elementor-element-populated\">\n\t\t\t\t\t\t\t<div class=\"elementor-widget-wrap\">\n\t\t\t\t\t\t<div class=\"elementor-element elementor-element-87bf89f elementor-widget elementor-widget-text-editor\" data-id=\"87bf89f\" data-element_type=\"widget\" data-widget_type=\"text-editor.default\">\n\t\t\t\t<div class=\"elementor-widget-container\">\n\t\t\t\t\t\t\t\t<div class=\"elementor-text-editor elementor-clearfix\">\n\t\t\t\t<div role=\"form\" class=\"wpcf7\" id=\"wpcf7-f3044-o2\" lang=\"fr-FR\" dir=\"ltr\">\n<div class=\"screen-reader-response\"><p role=\"status\" aria-live=\"polite\" aria-atomic=\"true\"><\/p> <ul><\/ul><\/div>\n<form action=\"\/PROD\/wp-json\/wp\/v2\/pages\/398#wpcf7-f3044-o2\" method=\"post\" class=\"wpcf7-form init\" novalidate=\"novalidate\" data-status=\"init\">\n<div style=\"display: none;\">\n<input type=\"hidden\" name=\"_wpcf7\" value=\"3044\" \/>\n<input type=\"hidden\" name=\"_wpcf7_version\" value=\"5.5.3\" \/>\n<input type=\"hidden\" name=\"_wpcf7_locale\" value=\"fr_FR\" \/>\n<input type=\"hidden\" name=\"_wpcf7_unit_tag\" value=\"wpcf7-f3044-o2\" \/>\n<input type=\"hidden\" name=\"_wpcf7_container_post\" value=\"0\" \/>\n<input type=\"hidden\" name=\"_wpcf7_posted_data_hash\" value=\"\" \/>\n<input type=\"hidden\" name=\"_case27_recipients\" value=\"%case27_recipients%\" \/>\n<input type=\"hidden\" name=\"_case27_post_id\" value=\"398\" \/>\n<input type=\"hidden\" name=\"_wpcf7_recaptcha_response\" value=\"\" \/>\n<\/div>\n<h3>Soumettre votre id\u00e9e<\/h3>\n<p><label> Votre nom (obligatoire)<br \/>\n    <span class=\"wpcf7-form-control-wrap your-name\"><input type=\"text\" name=\"your-name\" value=\"\" size=\"40\" class=\"wpcf7-form-control wpcf7-text wpcf7-validates-as-required\" aria-required=\"true\" aria-invalid=\"false\" \/><\/span> <\/label><br \/>\n<label> Votre pr\u00e9nom (obligatoire)<br \/>\n    <span class=\"wpcf7-form-control-wrap your-surname\"><input type=\"text\" name=\"your-surname\" value=\"\" size=\"40\" class=\"wpcf7-form-control wpcf7-text wpcf7-validates-as-required\" aria-required=\"true\" aria-invalid=\"false\" \/><\/span> <\/label><br \/>\n<label> Votre adresse de messagerie (obligatoire)<br \/>\n    <span class=\"wpcf7-form-control-wrap your-email\"><input type=\"email\" name=\"your-email\" value=\"\" size=\"40\" class=\"wpcf7-form-control wpcf7-text wpcf7-email wpcf7-validates-as-required wpcf7-validates-as-email\" aria-required=\"true\" aria-invalid=\"false\" \/><\/span> <\/label><\/p>\n<h3>Votre id\u00e9e est li\u00e9e \u00e0<\/h3>\n<p><span class=\"wpcf7-form-control-wrap ideelie\"><select name=\"ideelie\" class=\"wpcf7-form-control wpcf7-select\" aria-invalid=\"false\"><option value=\"\">&#8212;<\/option><option value=\"id\u00e9e de f\u00eate\">id\u00e9e de f\u00eate<\/option><option value=\"ch\u00e8que cadeau\">ch\u00e8que cadeau<\/option><option value=\"organisation\">organisation<\/option><option value=\"parking\">parking<\/option><option value=\"autre\">autre<\/option><\/select><\/span><\/p>\n<h3>Est-ce votre id\u00e9e ?<\/h3>\n<p><span class=\"wpcf7-form-control-wrap votreidee\"><span class=\"wpcf7-form-control wpcf7-radio\"><span class=\"wpcf7-list-item first\"><input type=\"radio\" name=\"votreidee\" value=\"Une nouvelle suggestion ou id\u00e9e\" checked=\"checked\" \/><span class=\"wpcf7-list-item-label\">Une nouvelle suggestion ou id\u00e9e<\/span><\/span><span class=\"wpcf7-list-item\"><input type=\"radio\" name=\"votreidee\" value=\"Une am\u00e9lioration \u00e0 l\u2019existant\" \/><span class=\"wpcf7-list-item-label\">Une am\u00e9lioration \u00e0 l\u2019existant<\/span><\/span><span class=\"wpcf7-list-item\"><input type=\"radio\" name=\"votreidee\" value=\"Une demande de ramener un produit\" \/><span class=\"wpcf7-list-item-label\">Une demande de ramener un produit<\/span><\/span><span class=\"wpcf7-list-item last\"><input type=\"radio\" name=\"votreidee\" value=\"Autre\" \/><span class=\"wpcf7-list-item-label\">Autre<\/span><\/span><\/span><\/span><\/p>\n<h3>Parlez-nous de votre id\u00e9e ?<\/h3>\n<p><span class=\"wpcf7-form-control-wrap your-message\"><textarea name=\"your-message\" cols=\"40\" rows=\"10\" class=\"wpcf7-form-control wpcf7-textarea wpcf7-validates-as-required\" aria-required=\"true\" aria-invalid=\"false\" placeholder=\"Ecrivez votre id\u00e9e ici en quelques mots...(obligatoire)\"><\/textarea><\/span><\/p>\n\n<p><input type=\"submit\" value=\"Envoyer\" class=\"wpcf7-form-control has-spinner wpcf7-submit\" \/><\/p>\n<p style=\"display: none !important;\"><label>&#916;<textarea name=\"_wpcf7_ak_hp_textarea\" cols=\"45\" rows=\"8\" maxlength=\"100\"><\/textarea><\/label><input type=\"hidden\" id=\"ak_js_2\" name=\"_wpcf7_ak_js\" value=\"176\"\/><script>document.getElementById( \"ak_js_2\" ).setAttribute( \"value\", ( new Date() ).getTime() );<\/script><\/p><div class=\"wpcf7-response-output\" aria-hidden=\"true\"><\/div><\/form><\/div>\t\t\t\t\t<\/div>\n\t\t\t\t\t\t<\/div>\n\t\t\t\t<\/div>\n\t\t\t\t\t\t<\/div>\n\t\t\t\t\t<\/div>\n\t\t<\/div>\n\t\t\t\t\t\t\t\t<\/div>\n\t\t\t\t\t<\/div>\n\t\t<\/section>\n\t\t\t\t\t\t\t\t\t<\/div>\n\t\t\t<\/div>\n\t\t\t\t\t<\/div>\n\t\t","protected":false},"excerpt":{"rendered":"<p>Devenir adh\u00e9rent de notre association \u200b Vous souhaitez des informations sur la proc\u00e9dure pour devenir adh\u00e9rent ? T\u00e9l\u00e9charger notre dossier d\u2019adh\u00e9sion ci-dessous.Souhaitez-vous \u00eatre contact\u00e9 directement par le comit\u00e9 des commer\u00e7ants d&rsquo;Uccle Centre ? utiliser le formulaire. T\u00e9l\u00e9charger notre dossier d&rsquo;adh\u00e9sion Vous souhaitez devenir membre car vous \u00eates conscient de l\u2019importance de faire partir de l\u2019association [&hellip;]<\/p>\n","protected":false},"author":7,"featured_media":0,"parent":0,"menu_order":0,"comment_status":"closed","ping_status":"closed","template":"","meta":{"_mi_skip_tracking":false},"acf":[],"_links":{"self":[{"href":"https:\/\/ucclecentre.be\/PROD\/wp-json\/wp\/v2\/pages\/398"}],"collection":[{"href":"https:\/\/ucclecentre.be\/PROD\/wp-json\/wp\/v2\/pages"}],"about":[{"href":"https:\/\/ucclecentre.be\/PROD\/wp-json\/wp\/v2\/types\/page"}],"author":[{"embeddable":true,"href":"https:\/\/ucclecentre.be\/PROD\/wp-json\/wp\/v2\/users\/7"}],"replies":[{"embeddable":true,"href":"https:\/\/ucclecentre.be\/PROD\/wp-json\/wp\/v2\/comments?post=398"}],"version-history":[{"count":3,"href":"https:\/\/ucclecentre.be\/PROD\/wp-json\/wp\/v2\/pages\/398\/revisions"}],"predecessor-version":[{"id":3909,"href":"https:\/\/ucclecentre.be\/PROD\/wp-json\/wp\/v2\/pages\/398\/revisions\/3909"}],"wp:attachment":[{"href":"https:\/\/ucclecentre.be\/PROD\/wp-json\/wp\/v2\/media?parent=398"}],"curies":[{"name":"wp","href":"https:\/\/api.w.org\/{rel}","templated":true}]}}